{"id":4208,"date":"2021-10-04T04:26:41","date_gmt":"2021-10-04T04:26:41","guid":{"rendered":"https:\/\/www.tungstendubai.com\/propiedades-comerciales\/"},"modified":"2025-02-09T13:27:59","modified_gmt":"2025-02-09T13:27:59","slug":"propiedades-comerciales","status":"publish","type":"page","link":"https:\/\/www.tungstendubai.com\/es\/propiedades-comerciales\/","title":{"rendered":"propiedades comerciales"},"content":{"rendered":"\t\t<div data-elementor-type=\"wp-page\" data-elementor-id=\"4208\" class=\"elementor elementor-4208 elementor-175\" data-elementor-post-type=\"page\">\n\t\t\t\t\t\t<section class=\"elementor-section elementor-top-section elementor-element elementor-element-2b270b35 elementor-section-full_width elementor-section-height-default elementor-section-height-default\" data-id=\"2b270b35\" data-element_type=\"section\" data-e-type=\"section\">\n\t\t\t\t\t\t<div class=\"elementor-container elementor-column-gap-no\">\n\t\t\t\t\t<div class=\"elementor-column elementor-col-100 elementor-top-column elementor-element elementor-element-39f6ba22\" data-id=\"39f6ba22\" data-element_type=\"column\" data-e-type=\"column\">\n\t\t\t<div class=\"elementor-widget-wrap elementor-element-populated\">\n\t\t\t\t\t\t<div class=\"elementor-section elementor-inner-section elementor-element elementor-element-881e970 elementor-section-full_width elementor-section-height-default elementor-section-height-default\" data-id=\"881e970\" data-element_type=\"section\" data-e-type=\"section\">\n\t\t\t\t\t\t<div class=\"elementor-container elementor-column-gap-default\">\n\t\t\t\t\t<div class=\"elementor-column elementor-col-100 elementor-inner-column elementor-element elementor-element-4666dcbd\" data-id=\"4666dcbd\" data-element_type=\"column\" data-e-type=\"column\">\n\t\t\t<div class=\"elementor-widget-wrap elementor-element-populated\">\n\t\t\t\t\t\t<div class=\"elementor-element elementor-element-4183d92f elementor-widget elementor-widget-bauen-title\" data-id=\"4183d92f\" data-element_type=\"widget\" data-e-type=\"widget\" data-widget_type=\"bauen-title.default\">\n\t\t\t\t<div class=\"elementor-widget-container\">\n\t\t\t\t\t\t\t\n\t\t\t\t\t\t\t\t<h2 class=\"section-title2 text-left\">propiedades comerciales<\/h2>\n\t\t\t\t\t\t\t\t\t\t\t\n\t\t\n\t\t\t\n        \t\t\t\t<\/div>\n\t\t\t\t<\/div>\n\t\t\t\t<div class=\"elementor-element elementor-element-2dee8828 elementor-widget elementor-widget-bauen-text\" data-id=\"2dee8828\" data-element_type=\"widget\" data-e-type=\"widget\" data-widget_type=\"bauen-text.default\">\n\t\t\t\t<div class=\"elementor-widget-container\">\n\t\t\t\t\t\t\t<div class=\"bn-text-block clear \">\n\t\t<p>El sector inmobiliario comercial incluye una variedad de espacios como pueden ser oficinas, tiendas, almacenes o espacios mixtos.<\/p><p>En Tungsten poseemos un conocimiento detallado sobre tendencias de mercado, marco legal en las distintas zonas de operaci\u00f3n y \u00e1reas con mayor potential de inversi\u00f3n para ayudar a las empresas a encontrar su ubicaci\u00f3n m\u00e1s estrat\u00e9gica y conveniente.<\/p>\t\t<\/div>\n\t\t\t\t\t\t<\/div>\n\t\t\t\t<\/div>\n\t\t\t\t\t<\/div>\n\t\t<\/div>\n\t\t\t\t\t<\/div>\n\t\t<\/div>\n\t\t\t\t\t<\/div>\n\t\t<\/div>\n\t\t\t\t\t<\/div>\n\t\t<\/section>\n\t\t<div class=\"elementor-element elementor-element-8124e8c e-flex e-con-boxed e-con e-parent\" data-id=\"8124e8c\" data-element_type=\"container\" data-e-type=\"container\">\n\t\t\t\t\t<div class=\"e-con-inner\">\n\t\t\t\t<div class=\"elementor-element elementor-element-e20e0c9 elementor-widget__width-initial elementor-fixed elementor-widget elementor-widget-image\" data-id=\"e20e0c9\" data-element_type=\"widget\" data-e-type=\"widget\" data-settings=\"{&quot;_position&quot;:&quot;fixed&quot;}\" data-widget_type=\"image.default\">\n\t\t\t\t<div class=\"elementor-widget-container\">\n\t\t\t\t\t\t\t\t\t\t\t\t\t\t\t\t<a href=\"https:\/\/wa.me\/+971569841010\" target=\"_blank\" rel=\"noopener\">\n\t\t\t\t\t\t\t<img fetchpriority=\"high\" decoding=\"async\" width=\"512\" height=\"512\" src=\"https:\/\/www.tungstendubai.com\/wp-content\/uploads\/2024\/09\/whatsapp-1.png\" class=\"attachment-large size-large wp-image-3990\" alt=\"\" srcset=\"https:\/\/www.tungstendubai.com\/wp-content\/uploads\/2024\/09\/whatsapp-1.png 512w, https:\/\/www.tungstendubai.com\/wp-content\/uploads\/2024\/09\/whatsapp-1-300x300.png 300w, https:\/\/www.tungstendubai.com\/wp-content\/uploads\/2024\/09\/whatsapp-1-150x150.png 150w, https:\/\/www.tungstendubai.com\/wp-content\/uploads\/2024\/09\/whatsapp-1-100x100.png 100w\" sizes=\"(max-width: 512px) 100vw, 512px\" \/>\t\t\t\t\t\t\t\t<\/a>\n\t\t\t\t\t\t\t\t\t\t\t\t\t\t\t<\/div>\n\t\t\t\t<\/div>\n\t\t\t\t\t<\/div>\n\t\t\t\t<\/div>\n\t\t\t\t<\/div>\n\t\t","protected":false},"excerpt":{"rendered":"<p>propiedades comerciales El sector inmobiliario comercial incluye una variedad de espacios como pueden ser oficinas, tiendas, almacenes o espacios mixtos. En Tungsten poseemos un conocimiento detallado sobre tendencias de mercado, marco legal en las distintas zonas de operaci\u00f3n y \u00e1reas con mayor potential de inversi\u00f3n para ayudar a las empresas a encontrar su ubicaci\u00f3n m\u00e1s estrat\u00e9gica y conveniente.<\/p>\n","protected":false},"author":2,"featured_media":4067,"parent":0,"menu_order":0,"comment_status":"closed","ping_status":"closed","template":"","meta":{"footnotes":"","_links_to":"","_links_to_target":""},"class_list":["post-4208","page","type-page","status-publish","has-post-thumbnail","hentry"],"_links":{"self":[{"href":"https:\/\/www.tungstendubai.com\/es\/wp-json\/wp\/v2\/pages\/4208","targetHints":{"allow":["GET"]}}],"collection":[{"href":"https:\/\/www.tungstendubai.com\/es\/wp-json\/wp\/v2\/pages"}],"about":[{"href":"https:\/\/www.tungstendubai.com\/es\/wp-json\/wp\/v2\/types\/page"}],"author":[{"embeddable":true,"href":"https:\/\/www.tungstendubai.com\/es\/wp-json\/wp\/v2\/users\/2"}],"replies":[{"embeddable":true,"href":"https:\/\/www.tungstendubai.com\/es\/wp-json\/wp\/v2\/comments?post=4208"}],"version-history":[{"count":13,"href":"https:\/\/www.tungstendubai.com\/es\/wp-json\/wp\/v2\/pages\/4208\/revisions"}],"predecessor-version":[{"id":4830,"href":"https:\/\/www.tungstendubai.com\/es\/wp-json\/wp\/v2\/pages\/4208\/revisions\/4830"}],"wp:featuredmedia":[{"embeddable":true,"href":"https:\/\/www.tungstendubai.com\/es\/wp-json\/wp\/v2\/media\/4067"}],"wp:attachment":[{"href":"https:\/\/www.tungstendubai.com\/es\/wp-json\/wp\/v2\/media?parent=4208"}],"curies":[{"name":"wp","href":"https:\/\/api.w.org\/{rel}","templated":true}]}}