{"id":4202,"date":"2021-10-04T04:25:09","date_gmt":"2021-10-04T04:25:09","guid":{"rendered":"https:\/\/www.tungstendubai.com\/propiedades-de-lujo\/"},"modified":"2025-02-10T06:58:24","modified_gmt":"2025-02-10T06:58:24","slug":"propiedades-de-lujo","status":"publish","type":"page","link":"https:\/\/www.tungstendubai.com\/es\/propiedades-de-lujo\/","title":{"rendered":"Propiedades de lujo"},"content":{"rendered":"\t\t<div data-elementor-type=\"wp-page\" data-elementor-id=\"4202\" class=\"elementor elementor-4202 elementor-176\" data-elementor-post-type=\"page\">\n\t\t\t\t\t\t<section class=\"elementor-section elementor-top-section elementor-element elementor-element-7259f2dc elementor-section-full_width elementor-section-height-default elementor-section-height-default\" data-id=\"7259f2dc\" data-element_type=\"section\" data-e-type=\"section\">\n\t\t\t\t\t\t<div class=\"elementor-container elementor-column-gap-no\">\n\t\t\t\t\t<div class=\"elementor-column elementor-col-100 elementor-top-column elementor-element elementor-element-2cb71eed\" data-id=\"2cb71eed\" data-element_type=\"column\" data-e-type=\"column\">\n\t\t\t<div class=\"elementor-widget-wrap elementor-element-populated\">\n\t\t\t\t\t\t<div class=\"elementor-section elementor-inner-section elementor-element elementor-element-527f4709 elementor-section-full_width elementor-section-height-default elementor-section-height-default\" data-id=\"527f4709\" data-element_type=\"section\" data-e-type=\"section\">\n\t\t\t\t\t\t<div class=\"elementor-container elementor-column-gap-default\">\n\t\t\t\t\t<div class=\"elementor-column elementor-col-100 elementor-inner-column elementor-element elementor-element-3db68eaa\" data-id=\"3db68eaa\" data-element_type=\"column\" data-e-type=\"column\">\n\t\t\t<div class=\"elementor-widget-wrap elementor-element-populated\">\n\t\t\t\t\t\t<div class=\"elementor-element elementor-element-2a1a03ef elementor-widget elementor-widget-bauen-title\" data-id=\"2a1a03ef\" data-element_type=\"widget\" data-e-type=\"widget\" data-widget_type=\"bauen-title.default\">\n\t\t\t\t<div class=\"elementor-widget-container\">\n\t\t\t\t\t\t\t\n\t\t\t\t\t\t\t\t<h2 class=\"section-title2 text-left\">Propiedades de lujo <\/h2>\n\t\t\t\t\t\t\t\t\t\t\t\n\t\t\n\t\t\t\n        \t\t\t\t<\/div>\n\t\t\t\t<\/div>\n\t\t\t\t<div class=\"elementor-element elementor-element-1ded6429 elementor-widget elementor-widget-bauen-text\" data-id=\"1ded6429\" data-element_type=\"widget\" data-e-type=\"widget\" data-widget_type=\"bauen-text.default\">\n\t\t\t\t<div class=\"elementor-widget-container\">\n\t\t\t\t\t\t\t<div class=\"bn-text-block clear \">\n\t\t<p>Las propiedades de lujo en Dubai incluye hogares con productos, servicios y acabados de alta calidad y a la vanguardia del sector, proyecto ic\u00f3nicos para satisfacer las demandas m\u00e1s extravagantes de los inversores m\u00e1s exigentes.<\/p><p>Estas propiedades ofrecen comodidades suculentas, electrodom\u00e9sticos y tecnolog\u00eda de \u00faltima generaci\u00f3n, dise\u00f1os de interior personalizados y vistas de ensue\u00f1o.<\/p><p>Nuestro equipo especializado se enfoca en estudiar cuidadosamente los gustos y las preferencias de nuestros clientes de este segmento, facilitando tours a propiedades, promotoras (ver maquetas) y aportando un asesoramiento exclusivo en torno al mercado inmobiliario de lujo. Nuestro objetivo es asegurarnos que nuestro cliente sienta que ha hecho una inversi\u00f3n inolvidable, una apuesta de vida, que no s\u00f3lo realiza sus sue\u00f1os hogare\u00f1os sino que tambi\u00e9n posean un valor de re-inversi\u00f3n incomparable.<\/p>\t\t<\/div>\n\t\t\t\t\t\t<\/div>\n\t\t\t\t<\/div>\n\t\t\t\t\t<\/div>\n\t\t<\/div>\n\t\t\t\t\t<\/div>\n\t\t<\/div>\n\t\t\t\t\t<\/div>\n\t\t<\/div>\n\t\t\t\t\t<\/div>\n\t\t<\/section>\n\t\t<div class=\"elementor-element elementor-element-f34f21a e-flex e-con-boxed e-con e-parent\" data-id=\"f34f21a\" data-element_type=\"container\" data-e-type=\"container\">\n\t\t\t\t\t<div class=\"e-con-inner\">\n\t\t\t\t<div class=\"elementor-element elementor-element-f5577ca elementor-widget__width-initial elementor-fixed elementor-widget elementor-widget-image\" data-id=\"f5577ca\" data-element_type=\"widget\" data-e-type=\"widget\" data-settings=\"{&quot;_position&quot;:&quot;fixed&quot;}\" data-widget_type=\"image.default\">\n\t\t\t\t<div class=\"elementor-widget-container\">\n\t\t\t\t\t\t\t\t\t\t\t\t\t\t\t\t<a href=\"https:\/\/wa.me\/+971569841010\" target=\"_blank\" rel=\"noopener\">\n\t\t\t\t\t\t\t<img fetchpriority=\"high\" decoding=\"async\" width=\"512\" height=\"512\" src=\"https:\/\/www.tungstendubai.com\/wp-content\/uploads\/2024\/09\/whatsapp-1.png\" class=\"attachment-large size-large wp-image-3990\" alt=\"\" srcset=\"https:\/\/www.tungstendubai.com\/wp-content\/uploads\/2024\/09\/whatsapp-1.png 512w, https:\/\/www.tungstendubai.com\/wp-content\/uploads\/2024\/09\/whatsapp-1-300x300.png 300w, https:\/\/www.tungstendubai.com\/wp-content\/uploads\/2024\/09\/whatsapp-1-150x150.png 150w, https:\/\/www.tungstendubai.com\/wp-content\/uploads\/2024\/09\/whatsapp-1-100x100.png 100w\" sizes=\"(max-width: 512px) 100vw, 512px\" \/>\t\t\t\t\t\t\t\t<\/a>\n\t\t\t\t\t\t\t\t\t\t\t\t\t\t\t<\/div>\n\t\t\t\t<\/div>\n\t\t\t\t\t<\/div>\n\t\t\t\t<\/div>\n\t\t\t\t<\/div>\n\t\t","protected":false},"excerpt":{"rendered":"<p>Propiedades de lujo Las propiedades de lujo en Dubai incluye hogares con productos, servicios y acabados de alta calidad y a la vanguardia del sector, proyecto ic\u00f3nicos para satisfacer las demandas m\u00e1s extravagantes de los inversores m\u00e1s exigentes. Estas propiedades ofrecen comodidades suculentas, electrodom\u00e9sticos y tecnolog\u00eda de \u00faltima generaci\u00f3n, dise\u00f1os de interior personalizados y vistas de ensue\u00f1o. Nuestro equipo especializado&#8230;<\/p>\n","protected":false},"author":2,"featured_media":4070,"parent":0,"menu_order":0,"comment_status":"closed","ping_status":"closed","template":"","meta":{"footnotes":"","_links_to":"","_links_to_target":""},"class_list":["post-4202","page","type-page","status-publish","has-post-thumbnail","hentry"],"_links":{"self":[{"href":"https:\/\/www.tungstendubai.com\/es\/wp-json\/wp\/v2\/pages\/4202","targetHints":{"allow":["GET"]}}],"collection":[{"href":"https:\/\/www.tungstendubai.com\/es\/wp-json\/wp\/v2\/pages"}],"about":[{"href":"https:\/\/www.tungstendubai.com\/es\/wp-json\/wp\/v2\/types\/page"}],"author":[{"embeddable":true,"href":"https:\/\/www.tungstendubai.com\/es\/wp-json\/wp\/v2\/users\/2"}],"replies":[{"embeddable":true,"href":"https:\/\/www.tungstendubai.com\/es\/wp-json\/wp\/v2\/comments?post=4202"}],"version-history":[{"count":12,"href":"https:\/\/www.tungstendubai.com\/es\/wp-json\/wp\/v2\/pages\/4202\/revisions"}],"predecessor-version":[{"id":4859,"href":"https:\/\/www.tungstendubai.com\/es\/wp-json\/wp\/v2\/pages\/4202\/revisions\/4859"}],"wp:featuredmedia":[{"embeddable":true,"href":"https:\/\/www.tungstendubai.com\/es\/wp-json\/wp\/v2\/media\/4070"}],"wp:attachment":[{"href":"https:\/\/www.tungstendubai.com\/es\/wp-json\/wp\/v2\/media?parent=4202"}],"curies":[{"name":"wp","href":"https:\/\/api.w.org\/{rel}","templated":true}]}}