{"id":4181,"date":"2021-10-04T04:14:55","date_gmt":"2021-10-04T04:14:55","guid":{"rendered":"https:\/\/www.tungstendubai.com\/de-inversiones\/"},"modified":"2025-02-20T11:25:18","modified_gmt":"2025-02-20T11:25:18","slug":"acerca-de-tungsten-inmobiliario-cuyo","status":"publish","type":"page","link":"https:\/\/www.tungstendubai.com\/es\/acerca-de-tungsten-inmobiliario-cuyo\/","title":{"rendered":"consultor\u00eda y asesoramiento sobre inversi\u00f3n"},"content":{"rendered":"\t\t<div data-elementor-type=\"wp-page\" data-elementor-id=\"4181\" class=\"elementor elementor-4181 elementor-2517\" data-elementor-post-type=\"page\">\n\t\t\t\t\t\t<section class=\"elementor-section elementor-top-section elementor-element elementor-element-2d6ff92f elementor-section-full_width elementor-section-height-default elementor-section-height-default\" data-id=\"2d6ff92f\" data-element_type=\"section\" data-e-type=\"section\">\n\t\t\t\t\t\t<div class=\"elementor-container elementor-column-gap-no\">\n\t\t\t\t\t<div class=\"elementor-column elementor-col-100 elementor-top-column elementor-element elementor-element-5dd1af01\" data-id=\"5dd1af01\" data-element_type=\"column\" data-e-type=\"column\">\n\t\t\t<div class=\"elementor-widget-wrap elementor-element-populated\">\n\t\t\t\t\t\t<div class=\"elementor-section elementor-inner-section elementor-element elementor-element-349ac364 elementor-section-full_width elementor-section-height-default elementor-section-height-default\" data-id=\"349ac364\" data-element_type=\"section\" data-e-type=\"section\">\n\t\t\t\t\t\t<div class=\"elementor-container elementor-column-gap-default\">\n\t\t\t\t\t<div class=\"elementor-column elementor-col-100 elementor-inner-column elementor-element elementor-element-4f164d68\" data-id=\"4f164d68\" data-element_type=\"column\" data-e-type=\"column\">\n\t\t\t<div class=\"elementor-widget-wrap elementor-element-populated\">\n\t\t\t\t\t\t<div class=\"elementor-element elementor-element-62a551a4 elementor-widget elementor-widget-bauen-title\" data-id=\"62a551a4\" data-element_type=\"widget\" data-e-type=\"widget\" data-widget_type=\"bauen-title.default\">\n\t\t\t\t<div class=\"elementor-widget-container\">\n\t\t\t\t\t\t\t\n\t\t\t\t\t\t\t\t<h2 class=\"section-title2 text-left\">consultor\u00eda y asesoramiento sobre inversi\u00f3n<\/h2>\n\t\t\t\t\t\t\t\t\t\t\t\n\t\t\n\t\t\t\n        \t\t\t\t<\/div>\n\t\t\t\t<\/div>\n\t\t\t\t<div class=\"elementor-element elementor-element-6351a92 elementor-widget elementor-widget-bauen-text\" data-id=\"6351a92\" data-element_type=\"widget\" data-e-type=\"widget\" data-widget_type=\"bauen-text.default\">\n\t\t\t\t<div class=\"elementor-widget-container\">\n\t\t\t\t\t\t\t<div class=\"bn-text-block clear \">\n\t\t<p>Tungsten real estate ofrece servicios de consultor\u00eda de inversi\u00f3n para ayudar a nuestros clientes a tomar decisiones ponderadas sobre sus transacciones inmobiliarias. Estudios de mercado, an\u00e1lisis financiero y de riesgo, son ejemplos de servicio que aportan un soporte estrat\u00e9gico.<\/p><p>Nuestro equipo puede ofrecer mutilples estrategias de inversi\u00f3n, tanto si nuestro cliente busca futuro alquiler a largo plazo, oportunidades emergentes de re-venta por mayor valor, inversiones comerciales, etc.<\/p><p>Con un enfoque siempre de maximizar retornos con el m\u00ednimo riesgo, el equipo de Tungsten Real Estate se asegura de que nuestros clientes est\u00e9n bien informados a la hora de invertir.<\/p>\t\t<\/div>\n\t\t\t\t\t\t<\/div>\n\t\t\t\t<\/div>\n\t\t\t\t\t<\/div>\n\t\t<\/div>\n\t\t\t\t\t<\/div>\n\t\t<\/div>\n\t\t\t\t\t<\/div>\n\t\t<\/div>\n\t\t\t\t\t<\/div>\n\t\t<\/section>\n\t\t<div class=\"elementor-element elementor-element-406e04e e-flex e-con-boxed e-con e-parent\" data-id=\"406e04e\" data-element_type=\"container\" data-e-type=\"container\">\n\t\t\t\t\t<div class=\"e-con-inner\">\n\t\t\t\t<div class=\"elementor-element elementor-element-852ce2a elementor-widget__width-initial elementor-fixed elementor-widget elementor-widget-image\" data-id=\"852ce2a\" data-element_type=\"widget\" data-e-type=\"widget\" data-settings=\"{&quot;_position&quot;:&quot;fixed&quot;}\" data-widget_type=\"image.default\">\n\t\t\t\t<div class=\"elementor-widget-container\">\n\t\t\t\t\t\t\t\t\t\t\t\t\t\t\t\t<a href=\"https:\/\/wa.me\/+971569841010\" target=\"_blank\" rel=\"noopener\">\n\t\t\t\t\t\t\t<img fetchpriority=\"high\" decoding=\"async\" width=\"512\" height=\"512\" src=\"https:\/\/www.tungstendubai.com\/wp-content\/uploads\/2024\/09\/whatsapp-1.png\" class=\"attachment-large size-large wp-image-3990\" alt=\"\" srcset=\"https:\/\/www.tungstendubai.com\/wp-content\/uploads\/2024\/09\/whatsapp-1.png 512w, https:\/\/www.tungstendubai.com\/wp-content\/uploads\/2024\/09\/whatsapp-1-300x300.png 300w, https:\/\/www.tungstendubai.com\/wp-content\/uploads\/2024\/09\/whatsapp-1-150x150.png 150w, https:\/\/www.tungstendubai.com\/wp-content\/uploads\/2024\/09\/whatsapp-1-100x100.png 100w\" sizes=\"(max-width: 512px) 100vw, 512px\" \/>\t\t\t\t\t\t\t\t<\/a>\n\t\t\t\t\t\t\t\t\t\t\t\t\t\t\t<\/div>\n\t\t\t\t<\/div>\n\t\t\t\t\t<\/div>\n\t\t\t\t<\/div>\n\t\t\t\t<\/div>\n\t\t","protected":false},"excerpt":{"rendered":"<p>consultor\u00eda y asesoramiento sobre inversi\u00f3n Tungsten real estate ofrece servicios de consultor\u00eda de inversi\u00f3n para ayudar a nuestros clientes a tomar decisiones ponderadas sobre sus transacciones inmobiliarias. Estudios de mercado, an\u00e1lisis financiero y de riesgo, son ejemplos de servicio que aportan un soporte estrat\u00e9gico. Nuestro equipo puede ofrecer mutilples estrategias de inversi\u00f3n, tanto si nuestro cliente busca futuro alquiler a&#8230;<\/p>\n","protected":false},"author":2,"featured_media":4069,"parent":0,"menu_order":0,"comment_status":"closed","ping_status":"closed","template":"","meta":{"footnotes":"","_links_to":"","_links_to_target":""},"class_list":["post-4181","page","type-page","status-publish","has-post-thumbnail","hentry"],"_links":{"self":[{"href":"https:\/\/www.tungstendubai.com\/es\/wp-json\/wp\/v2\/pages\/4181","targetHints":{"allow":["GET"]}}],"collection":[{"href":"https:\/\/www.tungstendubai.com\/es\/wp-json\/wp\/v2\/pages"}],"about":[{"href":"https:\/\/www.tungstendubai.com\/es\/wp-json\/wp\/v2\/types\/page"}],"author":[{"embeddable":true,"href":"https:\/\/www.tungstendubai.com\/es\/wp-json\/wp\/v2\/users\/2"}],"replies":[{"embeddable":true,"href":"https:\/\/www.tungstendubai.com\/es\/wp-json\/wp\/v2\/comments?post=4181"}],"version-history":[{"count":12,"href":"https:\/\/www.tungstendubai.com\/es\/wp-json\/wp\/v2\/pages\/4181\/revisions"}],"predecessor-version":[{"id":4927,"href":"https:\/\/www.tungstendubai.com\/es\/wp-json\/wp\/v2\/pages\/4181\/revisions\/4927"}],"wp:featuredmedia":[{"embeddable":true,"href":"https:\/\/www.tungstendubai.com\/es\/wp-json\/wp\/v2\/media\/4069"}],"wp:attachment":[{"href":"https:\/\/www.tungstendubai.com\/es\/wp-json\/wp\/v2\/media?parent=4181"}],"curies":[{"name":"wp","href":"https:\/\/api.w.org\/{rel}","templated":true}]}}