{"id":4148,"date":"2021-09-30T22:12:42","date_gmt":"2021-09-30T22:12:42","guid":{"rendered":"https:\/\/www.tungstendubai.com\/acerca-de\/"},"modified":"2025-02-22T08:07:12","modified_gmt":"2025-02-22T08:07:12","slug":"sobre-nosotros","status":"publish","type":"page","link":"https:\/\/www.tungstendubai.com\/es\/sobre-nosotros\/","title":{"rendered":"Sobre nosotros"},"content":{"rendered":"\t\t<div data-elementor-type=\"wp-page\" data-elementor-id=\"4148\" class=\"elementor elementor-4148 elementor-56\" data-elementor-post-type=\"page\">\n\t\t\t\t\t\t<section class=\"elementor-section elementor-top-section elementor-element elementor-element-f307d69 elementor-section-boxed elementor-section-height-default elementor-section-height-default\" data-id=\"f307d69\" data-element_type=\"section\" data-e-type=\"section\">\n\t\t\t\t\t\t<div class=\"elementor-container elementor-column-gap-default\">\n\t\t\t\t\t<div class=\"elementor-column elementor-col-100 elementor-top-column elementor-element elementor-element-7a93beb\" data-id=\"7a93beb\" data-element_type=\"column\" data-e-type=\"column\">\n\t\t\t<div class=\"elementor-widget-wrap elementor-element-populated\">\n\t\t\t\t\t\t<div class=\"elementor-section elementor-inner-section elementor-element elementor-element-c4532a2 elementor-reverse-mobile elementor-section-boxed elementor-section-height-default elementor-section-height-default\" data-id=\"c4532a2\" data-element_type=\"section\" data-e-type=\"section\">\n\t\t\t\t\t\t<div class=\"elementor-container elementor-column-gap-default\">\n\t\t\t\t\t<div class=\"elementor-column elementor-col-50 elementor-inner-column elementor-element elementor-element-3f74c71\" data-id=\"3f74c71\" data-element_type=\"column\" data-e-type=\"column\">\n\t\t\t<div class=\"elementor-widget-wrap elementor-element-populated\">\n\t\t\t\t\t\t<div class=\"elementor-element elementor-element-252f5fb elementor-widget__width-initial elementor-invisible elementor-widget elementor-widget-bauen-title\" data-id=\"252f5fb\" data-element_type=\"widget\" data-e-type=\"widget\" data-settings=\"{&quot;_animation&quot;:&quot;fadeInLeft&quot;}\" data-widget_type=\"bauen-title.default\">\n\t\t\t\t<div class=\"elementor-widget-container\">\n\t\t\t\t\t\t\t\n\t\t\t\n\t\t\t\t\t\t<h2 class=\"section-title text-left\">Acerca de <span class=\"text-color-red\"> Tungsten <\/span>   Dubai Real Estate<\/h2>\n\t\t\t\t\n\t\t\t\t\t\t<p><p>Tungsten es una empresa boutique del sector inmobiliario cuyo modelo de negocio prioriza la satisfacci\u00f3n del cliente. Nuestro estilo de trabajo se ajusta a las ambiciones y necesidades personales m\u00e1s exigentes de nuestros clientes. Nuestro objetivo \u00faltimo es convertirnos en el socio de confianza de nuestro cliente durante todo el proceso de adquisici\u00f3n de la propiedad, y establecer relaciones profesionales de confianza a largo plazo.<\/p><p>En Tungsten, nos dedicamos a hacer realidad la visi\u00f3n de nuestros clientes, ya sea en relaci\u00f3n a compra, venta o alquiler.<\/p><p>Nuestro conocimiento dilatado del mercado y nuestra extensa oferta y variedad de opciones que se expande por todas las zonas de Dubai nos permite identificar y aportar propuestas id\u00f3neas acorde con las expectativas de nuestros clientes.<\/p><p>En Tungsten colaboramos de forma cercana con promotoras de reconocido prestigio, que se esmeran en alcanzar los mejores est\u00e1ndares de calidad, para ofrecer en todo momento las opciones de proyecto sobre plano m\u00e1s exclusivas y a los precios m\u00e1s competitivos. Nuestros servicios cubren desde viviendas de gran lujo hasta alternativas m\u00e1s econ\u00f3micas as\u00ed como unidades o parcelas de uso comercial.<\/p><p>Nuestro equipo est\u00e1 cualificado para dar asesoramiento en materia de inversi\u00f3n ya sea sobre propiedades de nueva construcci\u00f3n como sobre opciones de re-venta. Como parte de nuestra especializaci\u00f3n, aportamos consultor\u00eda para transacciones y operaciones a nivel local e internacional, opciones de visado y residencia, puesta en alquiler y estrategias sobre re-inversi\u00f3n de propiedades adquiridas en Dubai.<\/p><p>Explora nuestras ofertas, cont\u00e1ctanos y descubre sin compromiso c\u00f3mo podemos ayudarte a materializar tus sue\u00f1os en el mundo inmobiliario de Dubai.<\/p><\/p>\n\t\t\t\t\n        \n\t\t\t\n        \t\t\t\t<\/div>\n\t\t\t\t<\/div>\n\t\t\t\t\t<\/div>\n\t\t<\/div>\n\t\t\t\t<div class=\"elementor-column elementor-col-50 elementor-inner-column elementor-element elementor-element-900217f elementor-hidden-mobile\" data-id=\"900217f\" data-element_type=\"column\" data-e-type=\"column\">\n\t\t\t<div class=\"elementor-widget-wrap elementor-element-populated\">\n\t\t\t\t\t\t<div class=\"elementor-element elementor-element-5aa0a50 content-align-right content-align--mobileleft elementor-invisible elementor-widget elementor-widget-liquid\" data-id=\"5aa0a50\" data-element_type=\"widget\" data-e-type=\"widget\" data-settings=\"{&quot;_animation&quot;:&quot;fadeInRight&quot;}\" data-widget_type=\"liquid.default\">\n\t\t\t\t<div class=\"elementor-widget-container\">\n\t\t\t\t\t\n    \t<div class=\"liquid-image-area\">\n\t    \t<div class=\"liquid-image\" style=\"width:100%;\">\n\t    \t\t<img decoding=\"async\" src=\"https:\/\/www.tungstendubai.com\/wp-content\/uploads\/2024\/10\/darcey-beau-wD1gm2Vwc5I-unsplash-1-2-scaled.jpg\" alt=\"\">\n\t    \t\t\t    \t<\/div>\n    \t<\/div>\n\n        \n\t\t<span style=\"display:none;\" class=\"settings elementor-extra-hidden\">{\"plugin_url\":\"https:\\\/\\\/www.tungstendubai.com\\\/wp-content\\\/plugins\\\/elementor-liquid-hover-effect\\\/widgets\",\"first_image\":\"https:\\\/\\\/www.tungstendubai.com\\\/wp-content\\\/uploads\\\/2024\\\/10\\\/darcey-beau-wD1gm2Vwc5I-unsplash-1-2-scaled.jpg\",\"second_image\":\"https:\\\/\\\/www.tungstendubai.com\\\/wp-content\\\/uploads\\\/2024\\\/10\\\/fahad-salman-KxUCptmDLKQ-unsplash-1-scaled.jpg\",\"hover_effect\":\"default.png\",\"width\":{\"unit\":\"%\",\"size\":100,\"sizes\":[]},\"width_tablet\":{\"unit\":\"%\",\"size\":\"\",\"sizes\":[]},\"width_mobile\":{\"unit\":\"%\",\"size\":100,\"sizes\":[]},\"intensity\":0.3,\"speed\":1.5,\"angle\":0}<\/span>\n\n\t\t\t\t\t\t<\/div>\n\t\t\t\t<\/div>\n\t\t\t\t\t<\/div>\n\t\t<\/div>\n\t\t\t\t\t<\/div>\n\t\t<\/div>\n\t\t\t\t\t<\/div>\n\t\t<\/div>\n\t\t\t\t\t<\/div>\n\t\t<\/section>\n\t\t<div class=\"elementor-element elementor-element-e066b20 e-con-full e-flex e-con e-parent\" data-id=\"e066b20\" data-element_type=\"container\" data-e-type=\"container\" data-settings=\"{&quot;background_background&quot;:&quot;classic&quot;}\">\n\t\t<div class=\"elementor-element elementor-element-ae62e89 e-con-full e-flex e-con e-child\" data-id=\"ae62e89\" data-element_type=\"container\" data-e-type=\"container\">\n\t\t<div class=\"elementor-element elementor-element-77832e7 e-flex e-con-boxed e-con e-child\" data-id=\"77832e7\" data-element_type=\"container\" data-e-type=\"container\">\n\t\t\t\t\t<div class=\"e-con-inner\">\n\t\t<div class=\"elementor-element elementor-element-f7fa765 e-con-full e-flex e-con e-child\" data-id=\"f7fa765\" data-element_type=\"container\" data-e-type=\"container\">\n\t\t\t\t<div class=\"elementor-element elementor-element-f785d2e elementor-invisible elementor-widget elementor-widget-bauen-video\" data-id=\"f785d2e\" data-element_type=\"widget\" data-e-type=\"widget\" data-settings=\"{&quot;_animation&quot;:&quot;fadeInLeft&quot;}\" data-widget_type=\"bauen-video.default\">\n\t\t\t\t<div class=\"elementor-widget-container\">\n\t\t\t\t\t\t\t\n\t\t<div class=\"vid-area\">\n\t\t    \t\t\t<div class=\"vid-icon\">\n\t\t\t\t<a class=\"play-button vid\" href=\"#\"  class=\"play-button vid js-video-button glightbox\">\n\t\t\t\t\t<svg class=\"circle-fill\">\n\t\t\t\t\t\t<circle cx=\"43\" cy=\"43\" r=\"39\" stroke=\"#fff\" stroke-width=\".5\"><\/circle>\n\t\t\t\t\t<\/svg>\n\t\t\t\t\t<svg class=\"circle-fill\">\n\t\t\t\t\t\t<circle cx=\"43\" cy=\"43\" r=\"39\" stroke=\"none\" stroke-width=\"1\" fill=\"none\"><\/circle>\n\t\t\t\t\t<\/svg> <span class=\"polygon\">\n                    \t\t\t\t\t    <svg aria-hidden=\"true\" class=\"e-font-icon-svg e-fas-phone-alt\" viewBox=\"0 0 512 512\" xmlns=\"http:\/\/www.w3.org\/2000\/svg\"><path d=\"M497.39 361.8l-112-48a24 24 0 0 0-28 6.9l-49.6 60.6A370.66 370.66 0 0 1 130.6 204.11l60.6-49.6a23.94 23.94 0 0 0 6.9-28l-48-112A24.16 24.16 0 0 0 122.6.61l-104 24A24 24 0 0 0 0 48c0 256.5 207.9 464 464 464a24 24 0 0 0 23.4-18.6l24-104a24.29 24.29 0 0 0-14.01-27.6z\"><\/path><\/svg>\t\t\t\t\t\t\t\t\t\t\t\n\t\t\t\t\t\t\n\t\t\t\t\t<\/span> \n\t\t\t\t<\/a>\n\t\t\t<\/div>\n\t\t\t\t\t\t\t\t\t<div class=\"cont mt-15 mb-30\">\n\t\t\t\t<h5>Cont\u00e1ctanos<\/h5>\n\t\t\t<\/div>\n\t\t\t\t\t<\/div>\t\t\n\t\t\t\t\t\t\t\t\n        \t\t\t\t<\/div>\n\t\t\t\t<\/div>\n\t\t\t\t<\/div>\n\t\t<div class=\"elementor-element elementor-element-06fba40 e-con-full elementor-hidden-mobile e-flex e-con e-child\" data-id=\"06fba40\" data-element_type=\"container\" data-e-type=\"container\">\n\t\t\t\t<\/div>\n\t\t<div class=\"elementor-element elementor-element-282367b e-con-full e-flex e-con e-child\" data-id=\"282367b\" data-element_type=\"container\" data-e-type=\"container\">\n\t\t<div class=\"elementor-element elementor-element-aa14670 e-con-full e-flex elementor-invisible e-con e-child\" data-id=\"aa14670\" data-element_type=\"container\" data-e-type=\"container\" data-settings=\"{&quot;background_background&quot;:&quot;classic&quot;,&quot;animation&quot;:&quot;fadeInRight&quot;}\">\n\t\t\t\t<div class=\"elementor-element elementor-element-a7418da fluent-form-widget-step-header-yes fluent-form-widget-step-progressbar-yes fluentform-widget-submit-button-custom elementor-widget elementor-widget-fluent-form-widget\" data-id=\"a7418da\" data-element_type=\"widget\" data-e-type=\"widget\" data-widget_type=\"fluent-form-widget.default\">\n\t\t\t\t<div class=\"elementor-widget-container\">\n\t\t\t\t\t\n            <div class=\"fluentform-widget-wrapper fluentform-widget-align-default\">\n\n            \n            <div class='fluentform ff-default fluentform_wrapper_4 ffs_default_wrap'><form data-form_id=\"4\" id=\"fluentform_4\" class=\"frm-fluent-form fluent_form_4 ff-el-form-top ff_form_instance_4_1 ff-form-loading ffs_default\" data-form_instance=\"ff_form_instance_4_1\" method=\"POST\" ><fieldset  style=\"border: none!important;margin: 0!important;padding: 0!important;background-color: transparent!important;box-shadow: none!important;outline: none!important; min-inline-size: 100%;\">\n                    <legend class=\"ff_screen_reader_title\" style=\"display: block; margin: 0!important;padding: 0!important;height: 0!important;text-indent: -999999px;width: 0!important;overflow:hidden;\">Home Contact Form spanish<\/legend><p style=\"display: none !important;\" class=\"akismet-fields-container\" data-prefix=\"ak_\"><label>&#916;<textarea name=\"ak_hp_textarea\" cols=\"45\" rows=\"8\" maxlength=\"100\"><\/textarea><\/label><input type=\"hidden\" id=\"ak_js_1\" name=\"ak_js\" value=\"57\"\/><script>document.getElementById( \"ak_js_1\" ).setAttribute( \"value\", ( new Date() ).getTime() );<\/script><\/p><input type='hidden' name='__fluent_form_embded_post_id' value='4148' \/><input type=\"hidden\" id=\"_fluentform_4_fluentformnonce\" name=\"_fluentform_4_fluentformnonce\" value=\"b03eee4fba\" \/><input type=\"hidden\" name=\"_wp_http_referer\" value=\"\/es\/wp-json\/wp\/v2\/pages\/4148\" \/><div class='ff-el-group  ff-custom_html' tabindex='-1' data-name=\"custom_html-4_1\" ><\/div><div class='ff-el-group ff-el-form-hide_label'><div class=\"ff-el-input--label ff-el-is-required asterisk-right\"><label for='ff_4_input_text' id='label_ff_4_input_text' aria-label=\"Your Name\">Your Name<\/label><\/div><div class='ff-el-input--content'><input type=\"text\" name=\"input_text\" class=\"ff-el-form-control\" placeholder=\"Tu nombre\" data-name=\"input_text\" id=\"ff_4_input_text\"  aria-invalid=\"false\" aria-required=true><\/div><\/div><div class='ff-el-group ff-el-form-hide_label'><div class=\"ff-el-input--label ff-el-is-required asterisk-right\"><label for='ff_4_email' id='label_ff_4_email' aria-label=\"Your Email\">Your Email<\/label><\/div><div class='ff-el-input--content'><input type=\"email\" name=\"email\" id=\"ff_4_email\" class=\"ff-el-form-control\" placeholder=\"Tu email\" data-name=\"email\"  aria-invalid=\"false\" aria-required=true><\/div><\/div><div class='ff-el-group ff-el-form-hide_label'><div class=\"ff-el-input--label ff-el-is-required asterisk-right\"><label for='ff_4_phone' id='label_ff_4_phone' aria-label=\"Phone\/Mobile\">Phone\/Mobile<\/label><\/div><div class='ff-el-input--content'><input name=\"phone\" class=\"ff-el-form-control ff-el-phone ff_el_with_extended_validation\" type=\"tel\" placeholder=\"N\u00famero de tel\u00e9fono\" data-name=\"phone\" id=\"ff_4_phone\" inputmode=\"tel\"  aria-invalid='false' aria-required=true><\/div><\/div><div class='ff-el-group ff-el-form-hide_label'><div class=\"ff-el-input--label asterisk-right\"><label for='ff_4_message' id='label_ff_4_message' aria-label=\"Your Message\">Your Message<\/label><\/div><div class='ff-el-input--content'><textarea aria-required=\"false\" aria-labelledby=\"label_ff_4_message\" name=\"message\" id=\"ff_4_message\" class=\"ff-el-form-control\" placeholder=\"Mensaje\" rows=\"4\" cols=\"2\" data-name=\"message\" ><\/textarea><\/div><\/div><div class='ff-el-group ' ><div class='ff-el-input--content'><div data-fluent_id='4' name='g-recaptcha-response'><div\n\t\tdata-sitekey='6LcC8xkqAAAAAEBE9_MS5Df9N8a-z3qBfBSmD7p-'\n\t\tid='fluentform-recaptcha-4-1'\n\t\tclass='ff-el-recaptcha g-recaptcha'\n\t\tdata-callback='fluentFormrecaptchaSuccessCallback'><\/div><\/div><\/div><\/div><div class='ff-el-group ff-text-left ff_submit_btn_wrapper'><button type=\"submit\" class=\"ff-btn ff-btn-submit ff-btn-md ff_btn_style wpf_has_custom_css\"  aria-label=\"Enviar mensaje\">Enviar mensaje<\/button><\/div><\/fieldset><\/form><div id='fluentform_4_errors' class='ff-errors-in-stack ff_form_instance_4_1 ff-form-loading_errors ff_form_instance_4_1_errors'><\/div><\/div>            <script type=\"text\/javascript\">\n                window.fluent_form_ff_form_instance_4_1 = {\"id\":\"4\",\"settings\":{\"layout\":{\"labelPlacement\":\"top\",\"helpMessagePlacement\":\"with_label\",\"errorMessagePlacement\":\"inline\",\"cssClassName\":\"\",\"asteriskPlacement\":\"asterisk-right\"},\"restrictions\":{\"denyEmptySubmission\":{\"enabled\":false}}},\"form_instance\":\"ff_form_instance_4_1\",\"form_id_selector\":\"fluentform_4\",\"rules\":{\"input_text\":{\"required\":{\"value\":true,\"message\":\"Este campo es obligatorio\",\"global_message\":\"This field is required\",\"global\":true}},\"email\":{\"required\":{\"value\":true,\"message\":\"This field is required\",\"global\":false,\"global_message\":\"This field is required\"},\"email\":{\"value\":true,\"message\":\"This field must contain a valid email\",\"global\":false,\"global_message\":\"This field must contain a valid email\"}},\"phone\":{\"required\":{\"value\":true,\"global\":true,\"message\":\"Este campo es obligatorio\",\"global_message\":\"This field is required\"},\"valid_phone_number\":{\"value\":true,\"global\":true,\"message\":\"El n\\u00famero de tel\\u00e9fono no es v\\u00e1lido \",\"global_message\":\"Phone number is not valid\"}},\"message\":{\"required\":{\"value\":false,\"message\":\"This field is required\",\"global\":false,\"global_message\":\"This field is required\"}},\"g-recaptcha-response\":[]},\"debounce_time\":300};\n                            <\/script>\n                        <\/div>\n\n            \t\t\t\t<\/div>\n\t\t\t\t<\/div>\n\t\t\t\t<\/div>\n\t\t\t\t<\/div>\n\t\t\t\t\t<\/div>\n\t\t\t\t<\/div>\n\t\t\t\t<\/div>\n\t\t\t\t<\/div>\n\t\t<div class=\"elementor-element elementor-element-c3fd5bb e-flex e-con-boxed e-con e-parent\" data-id=\"c3fd5bb\" data-element_type=\"container\" data-e-type=\"container\">\n\t\t\t\t\t<div class=\"e-con-inner\">\n\t\t\t\t<div class=\"elementor-element elementor-element-fd4746f elementor-widget__width-initial elementor-fixed elementor-widget elementor-widget-image\" data-id=\"fd4746f\" data-element_type=\"widget\" data-e-type=\"widget\" data-settings=\"{&quot;_position&quot;:&quot;fixed&quot;}\" data-widget_type=\"image.default\">\n\t\t\t\t<div class=\"elementor-widget-container\">\n\t\t\t\t\t\t\t\t\t\t\t\t\t\t\t\t<a href=\"https:\/\/wa.me\/+971569841010\" target=\"_blank\" rel=\"noopener\">\n\t\t\t\t\t\t\t<img fetchpriority=\"high\" decoding=\"async\" width=\"512\" height=\"512\" src=\"https:\/\/www.tungstendubai.com\/wp-content\/uploads\/2024\/09\/whatsapp-1.png\" class=\"attachment-large size-large wp-image-3990\" alt=\"\" srcset=\"https:\/\/www.tungstendubai.com\/wp-content\/uploads\/2024\/09\/whatsapp-1.png 512w, https:\/\/www.tungstendubai.com\/wp-content\/uploads\/2024\/09\/whatsapp-1-300x300.png 300w, https:\/\/www.tungstendubai.com\/wp-content\/uploads\/2024\/09\/whatsapp-1-150x150.png 150w, https:\/\/www.tungstendubai.com\/wp-content\/uploads\/2024\/09\/whatsapp-1-100x100.png 100w\" sizes=\"(max-width: 512px) 100vw, 512px\" \/>\t\t\t\t\t\t\t\t<\/a>\n\t\t\t\t\t\t\t\t\t\t\t\t\t\t\t<\/div>\n\t\t\t\t<\/div>\n\t\t\t\t\t<\/div>\n\t\t\t\t<\/div>\n\t\t\t\t<\/div>\n\t\t","protected":false},"excerpt":{"rendered":"<p>Acerca de Tungsten Dubai Real Estate Tungsten es una empresa boutique del sector inmobiliario cuyo modelo de negocio prioriza la satisfacci\u00f3n del cliente. Nuestro estilo de trabajo se ajusta a las ambiciones y necesidades personales m\u00e1s exigentes de nuestros clientes. Nuestro objetivo \u00faltimo es convertirnos en el socio de confianza de nuestro cliente durante todo el proceso de adquisici\u00f3n de&#8230;<\/p>\n","protected":false},"author":2,"featured_media":4001,"parent":0,"menu_order":0,"comment_status":"closed","ping_status":"closed","template":"","meta":{"footnotes":"","_links_to":"","_links_to_target":""},"class_list":["post-4148","page","type-page","status-publish","has-post-thumbnail","hentry"],"_links":{"self":[{"href":"https:\/\/www.tungstendubai.com\/es\/wp-json\/wp\/v2\/pages\/4148","targetHints":{"allow":["GET"]}}],"collection":[{"href":"https:\/\/www.tungstendubai.com\/es\/wp-json\/wp\/v2\/pages"}],"about":[{"href":"https:\/\/www.tungstendubai.com\/es\/wp-json\/wp\/v2\/types\/page"}],"author":[{"embeddable":true,"href":"https:\/\/www.tungstendubai.com\/es\/wp-json\/wp\/v2\/users\/2"}],"replies":[{"embeddable":true,"href":"https:\/\/www.tungstendubai.com\/es\/wp-json\/wp\/v2\/comments?post=4148"}],"version-history":[{"count":20,"href":"https:\/\/www.tungstendubai.com\/es\/wp-json\/wp\/v2\/pages\/4148\/revisions"}],"predecessor-version":[{"id":4965,"href":"https:\/\/www.tungstendubai.com\/es\/wp-json\/wp\/v2\/pages\/4148\/revisions\/4965"}],"wp:featuredmedia":[{"embeddable":true,"href":"https:\/\/www.tungstendubai.com\/es\/wp-json\/wp\/v2\/media\/4001"}],"wp:attachment":[{"href":"https:\/\/www.tungstendubai.com\/es\/wp-json\/wp\/v2\/media?parent=4148"}],"curies":[{"name":"wp","href":"https:\/\/api.w.org\/{rel}","templated":true}]}}